{"id":101,"date":"2021-11-04T12:39:26","date_gmt":"2021-11-04T12:39:26","guid":{"rendered":"https:\/\/www.web-magnus.com\/wordpress\/?page_id=101"},"modified":"2024-10-29T06:42:31","modified_gmt":"2024-10-29T06:42:31","slug":"soporte","status":"publish","type":"page","link":"https:\/\/www.web-magnus.com\/index.php\/soporte\/","title":{"rendered":"Soporte"},"content":{"rendered":"\n<p>Aprovechando la vasta experiencia del equipo de ingenier\u00eda en el \u00e1rea de soporte post-venta, se pone a consideraci\u00f3n de nuestros clientes los siguientes niveles de servicio de soporte:<\/p>\n\n\n<div class=\"gb-grid-wrapper gb-grid-wrapper-714dafd9\">\n<div class=\"gb-grid-column gb-grid-column-3646b57c\"><div class=\"gb-container gb-container-3646b57c\"><div class=\"gb-inside-container\">\n\n<div class=\"wp-block-image\"><figure class=\"aligncenter size-large is-resized\"><img loading=\"lazy\" src=\"https:\/\/www.web-magnus.com\/wordpress\/wp-content\/uploads\/2022\/02\/Soporte-1024x556.jpg\" alt=\"\" class=\"wp-image-295\" width=\"492\" height=\"267\" srcset=\"https:\/\/www.web-magnus.com\/wp-content\/uploads\/2022\/02\/Soporte-1024x556.jpg 1024w, https:\/\/www.web-magnus.com\/wp-content\/uploads\/2022\/02\/Soporte-300x163.jpg 300w, https:\/\/www.web-magnus.com\/wp-content\/uploads\/2022\/02\/Soporte-768x417.jpg 768w, https:\/\/www.web-magnus.com\/wp-content\/uploads\/2022\/02\/Soporte.jpg 1147w\" sizes=\"(max-width: 492px) 100vw, 492px\" \/><\/figure><\/div>\n\n<\/div><\/div><\/div>\n<\/div>\n\n\n<p>Estos, puedes considerar de manera totalmente local (para equipos que est\u00e1n en End-Of-Support por f\u00e1brica) o como un complemento al soporte de f\u00e1brica que pudiera tener el cliente.<\/p>\n\n\n\n<p>Para el correcto dimensionamiento del tipo de soporte que requerir\u00eda, p\u00f3ngase en contacto con nosotros.<\/p>\n\n\n\n<p><\/p>\n\n\n<div class=\"gb-button-wrapper gb-button-wrapper-7a15da5c\">\n\n<a class=\"gb-button gb-button-89f1e365 gb-button-text\" href=\"https:\/\/www.web-magnus.com\/index.php\/contactos\/\"><strong>Cont\u00e1ctenos<\/strong><\/a>\n\n<\/div>\n\n\n<p><\/p>\n\n\n\n<p><\/p>\n\n\n\n<p>Our\u00a0<a href=\"https:\/\/www.watchesexpress.co.uk\/category\/omega\">Replica Omega<\/a>\u00a0watches bring you the high standards of quality and excellence at an affordable price. Check the catalog for the best replica Omega watches.<\/p>\n\n\n\n<p>Best\u00a0<a href=\"https:\/\/www.leviswatches.co.uk\/category\/breitling\">Breitling replica watches<\/a>\u00a0for sale, super fake Breitling Bentley watches knockoff online with cheap price wholesale.<\/p>\n\n\n\n<p>UK Swiss movement\u00a0<a href=\"https:\/\/www.japanwatches.co.uk\">replica watches<\/a>\u00a0at affordable prices can be find from this website.<\/p>\n","protected":false},"excerpt":{"rendered":"<p>Aprovechando la vasta experiencia del equipo de ingenier\u00eda en el \u00e1rea de soporte post-venta, se pone a consideraci\u00f3n de nuestros clientes los siguientes niveles de servicio de soporte: Estos, puedes considerar de manera totalmente local (para equipos que est\u00e1n en End-Of-Support por f\u00e1brica) o como un complemento al soporte de f\u00e1brica que pudiera tener el &#8230; <a title=\"Soporte\" class=\"read-more\" href=\"https:\/\/www.web-magnus.com\/index.php\/soporte\/\" aria-label=\"M\u00e1s en Soporte\">Leer m\u00e1s<\/a><\/p>\n","protected":false},"author":1,"featured_media":0,"parent":0,"menu_order":0,"comment_status":"closed","ping_status":"closed","template":"","meta":{"_generate-full-width-content":""},"_links":{"self":[{"href":"https:\/\/www.web-magnus.com\/index.php\/wp-json\/wp\/v2\/pages\/101"}],"collection":[{"href":"https:\/\/www.web-magnus.com\/index.php\/wp-json\/wp\/v2\/pages"}],"about":[{"href":"https:\/\/www.web-magnus.com\/index.php\/wp-json\/wp\/v2\/types\/page"}],"author":[{"embeddable":true,"href":"https:\/\/www.web-magnus.com\/index.php\/wp-json\/wp\/v2\/users\/1"}],"replies":[{"embeddable":true,"href":"https:\/\/www.web-magnus.com\/index.php\/wp-json\/wp\/v2\/comments?post=101"}],"version-history":[{"count":5,"href":"https:\/\/www.web-magnus.com\/index.php\/wp-json\/wp\/v2\/pages\/101\/revisions"}],"predecessor-version":[{"id":635,"href":"https:\/\/www.web-magnus.com\/index.php\/wp-json\/wp\/v2\/pages\/101\/revisions\/635"}],"wp:attachment":[{"href":"https:\/\/www.web-magnus.com\/index.php\/wp-json\/wp\/v2\/media?parent=101"}],"curies":[{"name":"wp","href":"https:\/\/api.w.org\/{rel}","templated":true}]}}