{"id":103,"date":"2021-11-04T12:39:45","date_gmt":"2021-11-04T12:39:45","guid":{"rendered":"https:\/\/www.web-magnus.com\/wordpress\/?page_id=103"},"modified":"2022-03-16T23:40:04","modified_gmt":"2022-03-16T23:40:04","slug":"migracion","status":"publish","type":"page","link":"https:\/\/www.web-magnus.com\/index.php\/migracion\/","title":{"rendered":"Migraci\u00f3n"},"content":{"rendered":"\n<p>Uno de los desaf\u00edos inherentes de nuestro mercado, es la migraci\u00f3n de servicios de una plataforma y\/o tecnolog\u00eda espec\u00edfica, a otra. En este sentido, a la fecha tenemos disponibles los siguientes servicios:<\/p>\n\n\n\n<ul><li>Migraci\u00f3n de base de datos Oracle Single Instance a un esquema en Cluster<\/li><\/ul>\n\n\n\n<ul><li>Migraci\u00f3n entre versiones de base de datos Oracle (previo an\u00e1lisis de factibilidad)<\/li><\/ul>\n\n\n\n<ul><li>Migraci\u00f3n de ambientes On-Premise a esquemas virtualizados<\/li><\/ul>\n\n\n\n<p>Para aquellos productos que no est\u00e1n listados de manera espec\u00edfica, nuestro equipo de ingenieros y consultores externos, evaluara caso a caso su factibilidad.<\/p>\n\n\n\n<p>Para m\u00e1s informaci\u00f3n, p\u00f3ngase en contacto con nosotros.<\/p>\n\n\n\n<p><\/p>\n\n\n<div class=\"gb-button-wrapper gb-button-wrapper-918146f3\">\n\n<a class=\"gb-button gb-button-b82a8917 gb-button-text\" href=\"https:\/\/www.web-magnus.com\/index.php\/contactos\/\">Cont\u00e1ctenos<\/a>\n\n<\/div>","protected":false},"excerpt":{"rendered":"<p>Uno de los desaf\u00edos inherentes de nuestro mercado, es la migraci\u00f3n de servicios de una plataforma y\/o tecnolog\u00eda espec\u00edfica, a otra. En este sentido, a la fecha tenemos disponibles los siguientes servicios: Migraci\u00f3n de base de datos Oracle Single Instance a un esquema en Cluster Migraci\u00f3n entre versiones de base de datos Oracle (previo an\u00e1lisis &#8230; <a title=\"Migraci\u00f3n\" class=\"read-more\" href=\"https:\/\/www.web-magnus.com\/index.php\/migracion\/\" aria-label=\"M\u00e1s en Migraci\u00f3n\">Leer m\u00e1s<\/a><\/p>\n","protected":false},"author":1,"featured_media":0,"parent":0,"menu_order":0,"comment_status":"closed","ping_status":"closed","template":"","meta":{"_generate-full-width-content":""},"_links":{"self":[{"href":"https:\/\/www.web-magnus.com\/index.php\/wp-json\/wp\/v2\/pages\/103"}],"collection":[{"href":"https:\/\/www.web-magnus.com\/index.php\/wp-json\/wp\/v2\/pages"}],"about":[{"href":"https:\/\/www.web-magnus.com\/index.php\/wp-json\/wp\/v2\/types\/page"}],"author":[{"embeddable":true,"href":"https:\/\/www.web-magnus.com\/index.php\/wp-json\/wp\/v2\/users\/1"}],"replies":[{"embeddable":true,"href":"https:\/\/www.web-magnus.com\/index.php\/wp-json\/wp\/v2\/comments?post=103"}],"version-history":[{"count":4,"href":"https:\/\/www.web-magnus.com\/index.php\/wp-json\/wp\/v2\/pages\/103\/revisions"}],"predecessor-version":[{"id":627,"href":"https:\/\/www.web-magnus.com\/index.php\/wp-json\/wp\/v2\/pages\/103\/revisions\/627"}],"wp:attachment":[{"href":"https:\/\/www.web-magnus.com\/index.php\/wp-json\/wp\/v2\/media?parent=103"}],"curies":[{"name":"wp","href":"https:\/\/api.w.org\/{rel}","templated":true}]}}