{"id":116,"date":"2021-11-04T12:55:42","date_gmt":"2021-11-04T12:55:42","guid":{"rendered":"https:\/\/www.web-magnus.com\/wordpress\/?page_id=116"},"modified":"2022-03-16T23:34:01","modified_gmt":"2022-03-16T23:34:01","slug":"prd-hardware","status":"publish","type":"page","link":"https:\/\/www.web-magnus.com\/index.php\/prd-hardware\/","title":{"rendered":"Hardware"},"content":{"rendered":"<div class=\"gb-container gb-container-c98e699c\"><div class=\"gb-inside-container\">\n<div class=\"gb-grid-wrapper gb-grid-wrapper-7abb8e17\">\n<div class=\"gb-grid-column gb-grid-column-e3795cb7\"><div class=\"gb-container gb-container-e3795cb7\"><div class=\"gb-inside-container\">\n\n<p>Considerando todos los elementos de un centro de datos, que tocan aspectos a nivel f\u00edsico, ambiental, energ\u00eda, equipos de comunicaci\u00f3n, se seguridad f\u00edsica y cibern\u00e9tica, nuestra oferta va enfocada a trabajar en los hitos importantes que el cliente debe cumplir para satisfacer sus necesidades actuales y futuras, a trav\u00e9s de una ruta de implementaci\u00f3n que cuide sus presupuestos de inversi\u00f3n y operaci\u00f3n, buscando evitar los SILO\u2019s de tecnolog\u00edas que no se integran.<\/p>\n\n\n\n<p>Bajo la premisa, de que no todas las tecnolog\u00edas son para todos los clientes, nuestro desaf\u00edo es lograr que el cliente pueda tener sobre la mesa, todas las opciones disponibles en el mercado, para que de forma totalmente respaldada pueda tomar la mejor decisi\u00f3n, para su necesidad.<\/p>\n\n<\/div><\/div><\/div>\n\n<div class=\"gb-grid-column gb-grid-column-cdc0df56\"><div class=\"gb-container gb-container-cdc0df56\"><div class=\"gb-inside-container\">\n\n<div class=\"wp-block-image\"><figure class=\"aligncenter size-full\"><img loading=\"lazy\" width=\"960\" height=\"720\" src=\"https:\/\/www.web-magnus.com\/wp-content\/uploads\/2022\/02\/Hardware-Rev-1.0-5.jpg\" alt=\"\" class=\"wp-image-551\" srcset=\"https:\/\/www.web-magnus.com\/wp-content\/uploads\/2022\/02\/Hardware-Rev-1.0-5.jpg 960w, https:\/\/www.web-magnus.com\/wp-content\/uploads\/2022\/02\/Hardware-Rev-1.0-5-300x225.jpg 300w, https:\/\/www.web-magnus.com\/wp-content\/uploads\/2022\/02\/Hardware-Rev-1.0-5-768x576.jpg 768w\" sizes=\"(max-width: 960px) 100vw, 960px\" \/><\/figure><\/div>\n\n<\/div><\/div><\/div>\n<\/div>\n<\/div><\/div>\n\n\n<div class=\"wp-block-group\"><div class=\"wp-block-group__inner-container\">\n<div class=\"wp-block-columns\">\n<div class=\"wp-block-column\">\n<div class=\"wp-block-image\"><figure class=\"aligncenter size-full is-resized\"><img loading=\"lazy\" src=\"https:\/\/www.web-magnus.com\/wp-content\/uploads\/2022\/02\/UPS-2-3.png\" alt=\"\" class=\"wp-image-554\" width=\"369\" height=\"204\" srcset=\"https:\/\/www.web-magnus.com\/wp-content\/uploads\/2022\/02\/UPS-2-3.png 302w, https:\/\/www.web-magnus.com\/wp-content\/uploads\/2022\/02\/UPS-2-3-300x166.png 300w\" sizes=\"(max-width: 369px) 100vw, 369px\" \/><\/figure><\/div>\n<\/div>\n\n\n\n<div class=\"wp-block-column\">\n<p><br>Elementos como los espacios f\u00edsicos, climatizaci\u00f3n y energ\u00eda no pueden dejarse de lado, ya que estos son los principales causantes de interrupci\u00f3n de servicios en los centros de datos actuales.<\/p>\n\n\n\n<p>Esta la raz\u00f3n del porque los UPS y sistemas de Aires de precisi\u00f3n deben ser considerados, ya sea para la adici\u00f3n de un nuevo equipo al interior del centro de datos \u00f3 la necesidad de su reemplazo, por obsolescencia y\/o capacidad. <\/p>\n<\/div>\n<\/div>\n<\/div><\/div>\n\n\n<div class=\"gb-grid-wrapper gb-grid-wrapper-1eb39de9\">\n<div class=\"gb-grid-column gb-grid-column-8fcbbe33\"><div class=\"gb-container gb-container-8fcbbe33\"><div class=\"gb-inside-container\">\n\n<p>Con requerimientos que pasan por arquitecturas monol\u00edticas con escalamiento vertical, a soluciones con mucha m\u00e1s ingenier\u00eda como las convergentes e hiperconvergentes; al d\u00eda de hoy tambi\u00e9n se est\u00e1n considerando por la alta demanda de recursos de computo y almacenamiento, soluciones con horizontal (Scale-Out).<\/p>\n\n\n\n<p>Pese a todo este esquema de disponibilidad, la exigencia de disponibilidad de servicios ha hecho que los esquemas de alta disponibilidad (HA), esquemas tolerantes a fallas y con replicaci\u00f3n geogr\u00e1fica, sea el desaf\u00edo de los administradores de sistemas y parte del dise\u00f1o de la soluci\u00f3n final, de la cual el cliente debe ser parte.<\/p>\n\n<\/div><\/div><\/div>\n\n<div class=\"gb-grid-column gb-grid-column-28cc3263\"><div class=\"gb-container gb-container-28cc3263\"><div class=\"gb-inside-container\">\n\n<div class=\"wp-block-image\"><figure class=\"aligncenter size-large\"><img loading=\"lazy\" width=\"1024\" height=\"576\" src=\"https:\/\/www.web-magnus.com\/wp-content\/uploads\/2022\/02\/Hiper-scale-out-2-1024x576.jpg\" alt=\"\" class=\"wp-image-557\" srcset=\"https:\/\/www.web-magnus.com\/wp-content\/uploads\/2022\/02\/Hiper-scale-out-2-1024x576.jpg 1024w, https:\/\/www.web-magnus.com\/wp-content\/uploads\/2022\/02\/Hiper-scale-out-2-300x169.jpg 300w, https:\/\/www.web-magnus.com\/wp-content\/uploads\/2022\/02\/Hiper-scale-out-2-768x432.jpg 768w, https:\/\/www.web-magnus.com\/wp-content\/uploads\/2022\/02\/Hiper-scale-out-2.jpg 1280w\" sizes=\"(max-width: 1024px) 100vw, 1024px\" \/><\/figure><\/div>\n\n<\/div><\/div><\/div>\n<\/div>\n\n<div class=\"gb-grid-wrapper gb-grid-wrapper-746c82fc\">\n<div class=\"gb-grid-column gb-grid-column-729fc33d\"><div class=\"gb-container gb-container-729fc33d\"><div class=\"gb-inside-container\">\n\n<div class=\"wp-block-image\"><figure class=\"aligncenter size-full is-resized\"><img loading=\"lazy\" src=\"https:\/\/www.web-magnus.com\/wp-content\/uploads\/2022\/02\/redes-y-sec-2.jpg\" alt=\"\" class=\"wp-image-560\" width=\"261\" height=\"239\"\/><\/figure><\/div>\n\n<\/div><\/div><\/div>\n\n<div class=\"gb-grid-column gb-grid-column-2d0d76ea\"><div class=\"gb-container gb-container-2d0d76ea\"><div class=\"gb-inside-container\">\n\n<p>No podemos olvidar que todos estos elementos, deben estar interconectados y asegurados de extremo a extremos, recordando la importancia medular que tienen las redes de comunicaciones en todos estos esquemas, siendo en consecuencia natural sumar a todo esto los sistemas de seguridad perimetral e internos de todos los elementos involucrados.<\/p>\n\n\n\n<p>El correcto dise\u00f1o de la red as\u00ed como la elecci\u00f3n adecuada de la tecnolog\u00eda a usar, ser\u00e1n vitales para el \u00e9xito de toda implementaci\u00f3n de infraestructura.<\/p>\n\n<\/div><\/div><\/div>\n<\/div>\n\n<div class=\"gb-grid-wrapper gb-grid-wrapper-4ab0946e\">\n<div class=\"gb-grid-column gb-grid-column-ee44588b\"><div class=\"gb-container gb-container-ee44588b\"><div class=\"gb-inside-container\"><\/div><\/div><\/div>\n\n<div class=\"gb-grid-column gb-grid-column-746d65e0\"><div class=\"gb-container gb-container-746d65e0\"><div class=\"gb-inside-container\"><\/div><\/div><\/div>\n<\/div>\n\n\n<p><\/p>\n\n\n<div class=\"gb-grid-wrapper gb-grid-wrapper-1733dd10\">\n<div class=\"gb-grid-column gb-grid-column-73a03103\"><div class=\"gb-container gb-container-73a03103\"><div class=\"gb-inside-container\">\n\n<p>Desde la etapa del dimensionamiento, pasando por la implementaci\u00f3n y terminando en la post-implementaci\u00f3n, nuestros clientes tienen la seguridad de contar con profesionales de vasta experiencia en el mercado actual y con una infraestructura de soporte que garantice su paso a producci\u00f3n.<\/p>\n\n<\/div><\/div><\/div>\n\n<div class=\"gb-grid-column gb-grid-column-e9353f6a\"><div class=\"gb-container gb-container-e9353f6a\"><div class=\"gb-inside-container\">\n\n<div class=\"wp-block-image\"><figure class=\"aligncenter size-full is-resized\"><img loading=\"lazy\" src=\"https:\/\/www.web-magnus.com\/wp-content\/uploads\/2022\/02\/Saludos-de-manos-1.jpg\" alt=\"\" class=\"wp-image-563\" width=\"246\" height=\"154\" srcset=\"https:\/\/www.web-magnus.com\/wp-content\/uploads\/2022\/02\/Saludos-de-manos-1.jpg 400w, https:\/\/www.web-magnus.com\/wp-content\/uploads\/2022\/02\/Saludos-de-manos-1-300x188.jpg 300w\" sizes=\"(max-width: 246px) 100vw, 246px\" \/><\/figure><\/div>\n\n<\/div><\/div><\/div>\n<\/div>\n\n<div class=\"gb-grid-wrapper gb-grid-wrapper-f9191274\">\n<div class=\"gb-grid-column gb-grid-column-78fc7ddf\"><div class=\"gb-container gb-container-78fc7ddf\"><div class=\"gb-inside-container\">\n\n<p>Esta la raz\u00f3n de porque no ofrecemos de entrada un producto, ya que idealmente lo primero que debemos hacer, es sentarnos con el cliente para entender su verdadera problem\u00e1tica.<\/p>\n\n\n\n<p>Para m\u00e1s informaci\u00f3n, p\u00f3ngase en contacto con nosotros.<\/p>\n\n<\/div><\/div><\/div>\n<\/div>\n\n\n<p><\/p>\n\n\n<div class=\"gb-button-wrapper gb-button-wrapper-0ade0bd9\">\n\n<a class=\"gb-button gb-button-6fb3fc0e gb-button-text\" href=\"https:\/\/www.web-magnus.com\/index.php\/contactos\/\">Cont\u00e1ctenos<\/a>\n\n<\/div>\n\n\n<p><\/p>\n","protected":false},"excerpt":{"rendered":"<p>Elementos como los espacios f\u00edsicos, climatizaci\u00f3n y energ\u00eda no pueden dejarse de lado, ya que estos son los principales causantes de interrupci\u00f3n de servicios en los centros de datos actuales. Esta la raz\u00f3n del porque los UPS y sistemas de Aires de precisi\u00f3n deben ser considerados, ya sea para la adici\u00f3n de un nuevo equipo &#8230; <a title=\"Hardware\" class=\"read-more\" href=\"https:\/\/www.web-magnus.com\/index.php\/prd-hardware\/\" aria-label=\"M\u00e1s en Hardware\">Leer m\u00e1s<\/a><\/p>\n","protected":false},"author":1,"featured_media":0,"parent":0,"menu_order":0,"comment_status":"closed","ping_status":"closed","template":"","meta":{"_generate-full-width-content":""},"_links":{"self":[{"href":"https:\/\/www.web-magnus.com\/index.php\/wp-json\/wp\/v2\/pages\/116"}],"collection":[{"href":"https:\/\/www.web-magnus.com\/index.php\/wp-json\/wp\/v2\/pages"}],"about":[{"href":"https:\/\/www.web-magnus.com\/index.php\/wp-json\/wp\/v2\/types\/page"}],"author":[{"embeddable":true,"href":"https:\/\/www.web-magnus.com\/index.php\/wp-json\/wp\/v2\/users\/1"}],"replies":[{"embeddable":true,"href":"https:\/\/www.web-magnus.com\/index.php\/wp-json\/wp\/v2\/comments?post=116"}],"version-history":[{"count":35,"href":"https:\/\/www.web-magnus.com\/index.php\/wp-json\/wp\/v2\/pages\/116\/revisions"}],"predecessor-version":[{"id":619,"href":"https:\/\/www.web-magnus.com\/index.php\/wp-json\/wp\/v2\/pages\/116\/revisions\/619"}],"wp:attachment":[{"href":"https:\/\/www.web-magnus.com\/index.php\/wp-json\/wp\/v2\/media?parent=116"}],"curies":[{"name":"wp","href":"https:\/\/api.w.org\/{rel}","templated":true}]}}