{"id":118,"date":"2021-11-04T12:56:13","date_gmt":"2021-11-04T12:56:13","guid":{"rendered":"https:\/\/www.web-magnus.com\/wordpress\/?page_id=118"},"modified":"2024-10-29T06:48:57","modified_gmt":"2024-10-29T06:48:57","slug":"prd-software","status":"publish","type":"page","link":"https:\/\/www.web-magnus.com\/index.php\/prd-software\/","title":{"rendered":"Software"},"content":{"rendered":"<div class=\"gb-grid-wrapper gb-grid-wrapper-6de13dad\">\n<div class=\"gb-grid-column gb-grid-column-3b1d3ca1\"><div class=\"gb-container gb-container-3b1d3ca1\"><div class=\"gb-inside-container\">\n\n<p>Viviendo hoy la era en la que el software es la que define gran parte de la infraestructura dentro de un centro de datos, nuestra experiencia va desde productos a nivel de aplicaciones empresariales, pasando por software de plataforma y llegando a aquella que permite garantizar la continuidad de los servicios productivos.<\/p>\n\n<\/div><\/div><\/div>\n\n<div class=\"gb-grid-column gb-grid-column-a83583cd\"><div class=\"gb-container gb-container-a83583cd\"><div class=\"gb-inside-container\">\n\n<div class=\"wp-block-image\"><figure class=\"aligncenter size-full is-resized\"><img loading=\"lazy\" src=\"https:\/\/www.web-magnus.com\/wp-content\/uploads\/2022\/02\/Software-1.jpg\" alt=\"\" class=\"wp-image-566\" width=\"172\" height=\"172\" srcset=\"https:\/\/www.web-magnus.com\/wp-content\/uploads\/2022\/02\/Software-1.jpg 225w, https:\/\/www.web-magnus.com\/wp-content\/uploads\/2022\/02\/Software-1-150x150.jpg 150w\" sizes=\"(max-width: 172px) 100vw, 172px\" \/><\/figure><\/div>\n\n<\/div><\/div><\/div>\n<\/div>\n\n\n<p><\/p>\n\n\n<div class=\"gb-grid-wrapper gb-grid-wrapper-9f9f4906\">\n<div class=\"gb-grid-column gb-grid-column-04773968\"><div class=\"gb-container gb-container-04773968\"><div class=\"gb-inside-container\">\n\n<div class=\"wp-block-image\"><figure class=\"aligncenter size-full is-resized\"><img loading=\"lazy\" src=\"https:\/\/www.web-magnus.com\/wp-content\/uploads\/2022\/02\/Ingenieros-1.png\" alt=\"\" class=\"wp-image-568\" width=\"275\" height=\"221\"\/><\/figure><\/div>\n\n<\/div><\/div><\/div>\n\n<div class=\"gb-grid-column gb-grid-column-75ba463c\"><div class=\"gb-container gb-container-75ba463c\"><div class=\"gb-inside-container\">\n\n<p>Con ingenieros locales y extranjeros expertos en software de aplicaciones empresariales, bases de datos, virtualizadores, backup, gesti\u00f3n, administraci\u00f3n y monitoreo que corren sobre la infraestructura montada en los centros de datos, hoy ponemos a disposici\u00f3n de nuestros clientes todo ese conocimiento y productos, de las marcas m\u00e1s reconocidas en el mercado actual de tecnolog\u00eda.<\/p>\n\n<\/div><\/div><\/div>\n<\/div>\n\n\n<p><\/p>\n\n\n<div class=\"gb-grid-wrapper gb-grid-wrapper-6dfd3ba6\">\n<div class=\"gb-grid-column gb-grid-column-c82a91fb\"><div class=\"gb-container gb-container-c82a91fb\"><div class=\"gb-inside-container\">\n\n<p>No podemos dejar de lado los actuales paradigmas que al d\u00eda de hoy est\u00e1n bastante maduros (SDN, SDS, SDDC\u2026SDX) donde la inteligencia de varios elementos en los centros de datos, han subido a un nivel donde se definen a nivel de software, as\u00ed como el an\u00e1lisis de grandes vol\u00famenes de datos (BIGDATA) y correlaci\u00f3n de eventos (SIEM).<\/p>\n\n<\/div><\/div><\/div>\n\n<div class=\"gb-grid-column gb-grid-column-286ed468\"><div class=\"gb-container gb-container-286ed468\"><div class=\"gb-inside-container\">\n\n<div class=\"wp-block-image\"><figure class=\"aligncenter size-full is-resized\"><img loading=\"lazy\" src=\"https:\/\/www.web-magnus.com\/wp-content\/uploads\/2022\/02\/bigdata-2.jpg\" alt=\"\" class=\"wp-image-572\" width=\"406\" height=\"154\" srcset=\"https:\/\/www.web-magnus.com\/wp-content\/uploads\/2022\/02\/bigdata-2.jpg 364w, https:\/\/www.web-magnus.com\/wp-content\/uploads\/2022\/02\/bigdata-2-300x114.jpg 300w\" sizes=\"(max-width: 406px) 100vw, 406px\" \/><\/figure><\/div>\n\n<\/div><\/div><\/div>\n<\/div>\n\n\n<p><\/p>\n\n\n<div class=\"gb-grid-wrapper gb-grid-wrapper-c80c6116\">\n<div class=\"gb-grid-column gb-grid-column-68b10197\"><div class=\"gb-container gb-container-68b10197\"><div class=\"gb-inside-container\">\n\n<div class=\"wp-block-image\"><figure class=\"aligncenter size-full is-resized\"><img loading=\"lazy\" src=\"https:\/\/www.web-magnus.com\/wp-content\/uploads\/2022\/02\/Proyectos-1.png\" alt=\"\" class=\"wp-image-574\" width=\"177\" height=\"177\" srcset=\"https:\/\/www.web-magnus.com\/wp-content\/uploads\/2022\/02\/Proyectos-1.png 225w, https:\/\/www.web-magnus.com\/wp-content\/uploads\/2022\/02\/Proyectos-1-150x150.png 150w\" sizes=\"(max-width: 177px) 100vw, 177px\" \/><\/figure><\/div>\n\n<\/div><\/div><\/div>\n\n<div class=\"gb-grid-column gb-grid-column-f46f86bc\"><div class=\"gb-container gb-container-f46f86bc\"><div class=\"gb-inside-container\">\n\n<p>La definici\u00f3n de la adopci\u00f3n correcta de cada uno de estos elementos en los centros de datos, hoy han tenido que ser dilatadas o implementadas sin mucha planificaci\u00f3n y en consecuencia a la larga, generan m\u00e1s problemas de los que se buscan corregir con ellos. Esto, porque todos estos elementos hacen m\u00e1s compleja la administraci\u00f3n de los centros de datos actuales y no pueden ser atendidos adecuadamente por sus administradores, por estar absorbidos en las tareas rutinarias diarias.<\/p>\n\n<\/div><\/div><\/div>\n<\/div>\n\n\n<p><\/p>\n\n\n\n<p>Desde la identificaci\u00f3n de la necesidad, la elecci\u00f3n del producto, su provisi\u00f3n, implementaci\u00f3n y post soporte, hoy pueden ser atendidos por nuestro equipo de ingenier\u00eda local, apoyados por los fabricantes a los que representamos y el eco sistema de especialistas con los que trabajamos.<\/p>\n\n\n\n<p>Este desaf\u00edo, no se podr\u00eda alcanzar sin el compromiso del cliente final, quien debe ser parte del proyecto desde su concepci\u00f3n, hasta su puesta en producci\u00f3n.<\/p>\n\n\n\n<p>Para m\u00e1s informaci\u00f3n, p\u00f3ngase en contacto con nosotros.<\/p>\n\n\n\n<p><\/p>\n\n\n<div class=\"gb-button-wrapper gb-button-wrapper-62c8c798\">\n\n<a class=\"gb-button gb-button-b12d7331 gb-button-text\" href=\"https:\/\/www.web-magnus.com\/index.php\/contactos\/\"><strong>Cont\u00e1ctenos<\/strong><\/a>\n\n<\/div>\n\n\n<p><\/p>\n\n\n\n<p><\/p>\n\n\n\n<p>Wir bieten\u00a0<a href=\"https:\/\/replicauhrens.io\">replica uhren legal<\/a>\u00a0von bester Qualit\u00e4t \u00fcber 10 Jahre und 3 Jahre Garantie auf jede Uhr, kostenlosen Versand und ohne R\u00fcckgabegrund.<\/p>\n","protected":false},"excerpt":{"rendered":"<p>Desde la identificaci\u00f3n de la necesidad, la elecci\u00f3n del producto, su provisi\u00f3n, implementaci\u00f3n y post soporte, hoy pueden ser atendidos por nuestro equipo de ingenier\u00eda local, apoyados por los fabricantes a los que representamos y el eco sistema de especialistas con los que trabajamos. Este desaf\u00edo, no se podr\u00eda alcanzar sin el compromiso del cliente &#8230; <a title=\"Software\" class=\"read-more\" href=\"https:\/\/www.web-magnus.com\/index.php\/prd-software\/\" aria-label=\"M\u00e1s en Software\">Leer m\u00e1s<\/a><\/p>\n","protected":false},"author":1,"featured_media":0,"parent":0,"menu_order":0,"comment_status":"closed","ping_status":"closed","template":"","meta":{"_generate-full-width-content":""},"_links":{"self":[{"href":"https:\/\/www.web-magnus.com\/index.php\/wp-json\/wp\/v2\/pages\/118"}],"collection":[{"href":"https:\/\/www.web-magnus.com\/index.php\/wp-json\/wp\/v2\/pages"}],"about":[{"href":"https:\/\/www.web-magnus.com\/index.php\/wp-json\/wp\/v2\/types\/page"}],"author":[{"embeddable":true,"href":"https:\/\/www.web-magnus.com\/index.php\/wp-json\/wp\/v2\/users\/1"}],"replies":[{"embeddable":true,"href":"https:\/\/www.web-magnus.com\/index.php\/wp-json\/wp\/v2\/comments?post=118"}],"version-history":[{"count":11,"href":"https:\/\/www.web-magnus.com\/index.php\/wp-json\/wp\/v2\/pages\/118\/revisions"}],"predecessor-version":[{"id":637,"href":"https:\/\/www.web-magnus.com\/index.php\/wp-json\/wp\/v2\/pages\/118\/revisions\/637"}],"wp:attachment":[{"href":"https:\/\/www.web-magnus.com\/index.php\/wp-json\/wp\/v2\/media?parent=118"}],"curies":[{"name":"wp","href":"https:\/\/api.w.org\/{rel}","templated":true}]}}