{"id":120,"date":"2021-11-04T12:56:36","date_gmt":"2021-11-04T12:56:36","guid":{"rendered":"https:\/\/www.web-magnus.com\/wordpress\/?page_id=120"},"modified":"2022-03-17T01:08:24","modified_gmt":"2022-03-17T01:08:24","slug":"prd-especializados","status":"publish","type":"page","link":"https:\/\/www.web-magnus.com\/index.php\/prd-especializados\/","title":{"rendered":"Especializados"},"content":{"rendered":"\n<p>Siguiendo con su tradici\u00f3n de m\u00e1s de dos d\u00e9cadas, se mantiene e incrementamos nuestro portafolio de productos.<\/p>\n\n\n\n<p><\/p>\n\n\n<div class=\"gb-grid-wrapper gb-grid-wrapper-9dfdf61f\">\n<div class=\"gb-grid-column gb-grid-column-e75b6f60\"><div class=\"gb-container gb-container-e75b6f60\"><div class=\"gb-inside-container\">\n\n<div class=\"wp-block-image\"><figure class=\"aligncenter size-full\"><img loading=\"lazy\" width=\"251\" height=\"161\" src=\"https:\/\/www.web-magnus.com\/wp-content\/uploads\/2022\/02\/IaaS2-3.jpg\" alt=\"\" class=\"wp-image-578\"\/><figcaption><strong>Infraestructura como Servicio<\/strong><\/figcaption><\/figure><\/div>\n\n<\/div><\/div><\/div>\n\n<div class=\"gb-grid-column gb-grid-column-eb0dccf2\"><div class=\"gb-container gb-container-eb0dccf2\"><div class=\"gb-inside-container\">\n\n<div class=\"wp-block-image\"><figure class=\"aligncenter size-full\"><img loading=\"lazy\" width=\"141\" height=\"91\" src=\"https:\/\/www.web-magnus.com\/wp-content\/uploads\/2022\/02\/PaaS2-1.jpg\" alt=\"\" class=\"wp-image-579\"\/><figcaption><strong>Plataforma como Servicio<\/strong><\/figcaption><\/figure><\/div>\n\n<\/div><\/div><\/div>\n\n<div class=\"gb-grid-column gb-grid-column-9ecb595d\"><div class=\"gb-container gb-container-9ecb595d\"><div class=\"gb-inside-container\">\n\n<div class=\"wp-block-image\"><figure class=\"aligncenter size-full\"><img loading=\"lazy\" width=\"258\" height=\"162\" src=\"https:\/\/www.web-magnus.com\/wp-content\/uploads\/2022\/02\/SaaS2-1.jpg\" alt=\"\" class=\"wp-image-581\"\/><figcaption><strong>Software como Servicio<\/strong><\/figcaption><\/figure><\/div>\n\n<\/div><\/div><\/div>\n\n<div class=\"gb-grid-column gb-grid-column-f176c66a\"><div class=\"gb-container gb-container-f176c66a\"><div class=\"gb-inside-container\">\n\n<div class=\"wp-block-image\"><figure class=\"aligncenter size-full\"><img loading=\"lazy\" width=\"257\" height=\"150\" src=\"https:\/\/www.web-magnus.com\/wp-content\/uploads\/2022\/02\/BaaS-1.jpg\" alt=\"\" class=\"wp-image-582\"\/><figcaption><strong>Backup como Servicio<\/strong><\/figcaption><\/figure><\/div>\n\n<\/div><\/div><\/div>\n\n<div class=\"gb-grid-column gb-grid-column-5822dc21\"><div class=\"gb-container gb-container-5822dc21\"><div class=\"gb-inside-container\">\n\n<div class=\"wp-block-image\"><figure class=\"aligncenter size-full\"><img loading=\"lazy\" width=\"252\" height=\"164\" src=\"https:\/\/www.web-magnus.com\/wp-content\/uploads\/2022\/02\/Colocation-1.jpg\" alt=\"\" class=\"wp-image-583\"\/><figcaption><strong>Colocation<\/strong><\/figcaption><\/figure><\/div>\n\n<\/div><\/div><\/div>\n\n<div class=\"gb-grid-column gb-grid-column-b29849fe\"><div class=\"gb-container gb-container-b29849fe\"><div class=\"gb-inside-container\">\n\n<div class=\"wp-block-image\"><figure class=\"aligncenter size-full\"><img loading=\"lazy\" width=\"257\" height=\"233\" src=\"https:\/\/www.web-magnus.com\/wp-content\/uploads\/2022\/02\/Hosting-1.jpg\" alt=\"\" class=\"wp-image-584\"\/><figcaption><strong>Hosting<\/strong><\/figcaption><\/figure><\/div>\n\n<\/div><\/div><\/div>\n\n<div class=\"gb-grid-column gb-grid-column-adf406c1\"><div class=\"gb-container gb-container-adf406c1\"><div class=\"gb-inside-container\"><\/div><\/div><\/div>\n\n<div class=\"gb-grid-column gb-grid-column-7ec4c0ec\"><div class=\"gb-container gb-container-7ec4c0ec\"><div class=\"gb-inside-container\"><\/div><\/div><\/div>\n\n<div class=\"gb-grid-column gb-grid-column-d5d898cc\"><div class=\"gb-container gb-container-d5d898cc\"><div class=\"gb-inside-container\"><\/div><\/div><\/div>\n\n<div class=\"gb-grid-column gb-grid-column-b3749cd2\"><div class=\"gb-container gb-container-b3749cd2\"><div class=\"gb-inside-container\"><\/div><\/div><\/div>\n<\/div>\n\n\n<p><\/p>\n\n\n\n<p>Apoyado en su infraestructura actual y en su equipo de profesionales, hoy es capaz de consolidar su oferta en el mercado a nivel de sus servicios de nube local.<\/p>\n\n\n\n<p>Para m\u00e1s informaci\u00f3n, p\u00f3ngase en contacto con nosotros.<\/p>\n\n\n<div class=\"gb-grid-wrapper gb-grid-wrapper-9f6c7131\">\n<div class=\"gb-grid-column gb-grid-column-29ed05ad\"><div class=\"gb-container gb-container-29ed05ad\"><div class=\"gb-inside-container\">\n<div class=\"gb-button-wrapper gb-button-wrapper-8cc9d358\">\n\n<a class=\"gb-button gb-button-e66c08b1 gb-button-text\" href=\"https:\/\/www.web-magnus.com\/index.php\/contactos\/\">Cont\u00e1ctenos<\/a>\n\n<\/div>\n<\/div><\/div><\/div>\n<\/div>","protected":false},"excerpt":{"rendered":"<p>Siguiendo con su tradici\u00f3n de m\u00e1s de dos d\u00e9cadas, se mantiene e incrementamos nuestro portafolio de productos. Apoyado en su infraestructura actual y en su equipo de profesionales, hoy es capaz de consolidar su oferta en el mercado a nivel de sus servicios de nube local. Para m\u00e1s informaci\u00f3n, p\u00f3ngase en contacto con nosotros.<\/p>\n","protected":false},"author":1,"featured_media":0,"parent":0,"menu_order":0,"comment_status":"closed","ping_status":"closed","template":"","meta":{"_generate-full-width-content":""},"_links":{"self":[{"href":"https:\/\/www.web-magnus.com\/index.php\/wp-json\/wp\/v2\/pages\/120"}],"collection":[{"href":"https:\/\/www.web-magnus.com\/index.php\/wp-json\/wp\/v2\/pages"}],"about":[{"href":"https:\/\/www.web-magnus.com\/index.php\/wp-json\/wp\/v2\/types\/page"}],"author":[{"embeddable":true,"href":"https:\/\/www.web-magnus.com\/index.php\/wp-json\/wp\/v2\/users\/1"}],"replies":[{"embeddable":true,"href":"https:\/\/www.web-magnus.com\/index.php\/wp-json\/wp\/v2\/comments?post=120"}],"version-history":[{"count":6,"href":"https:\/\/www.web-magnus.com\/index.php\/wp-json\/wp\/v2\/pages\/120\/revisions"}],"predecessor-version":[{"id":630,"href":"https:\/\/www.web-magnus.com\/index.php\/wp-json\/wp\/v2\/pages\/120\/revisions\/630"}],"wp:attachment":[{"href":"https:\/\/www.web-magnus.com\/index.php\/wp-json\/wp\/v2\/media?parent=120"}],"curies":[{"name":"wp","href":"https:\/\/api.w.org\/{rel}","templated":true}]}}