{"id":122,"date":"2021-11-04T12:57:22","date_gmt":"2021-11-04T12:57:22","guid":{"rendered":"https:\/\/www.web-magnus.com\/wordpress\/?page_id=122"},"modified":"2024-10-29T06:51:05","modified_gmt":"2024-10-29T06:51:05","slug":"prd-administracion-delegada","status":"publish","type":"page","link":"https:\/\/www.web-magnus.com\/index.php\/prd-administracion-delegada\/","title":{"rendered":"Administraci\u00f3n Delegada"},"content":{"rendered":"<div class=\"gb-grid-wrapper gb-grid-wrapper-06045026\">\n<div class=\"gb-grid-column gb-grid-column-179ead34\"><div class=\"gb-container gb-container-179ead34\"><div class=\"gb-inside-container\">\n\n<p>Los requerimientos que hoy los administradores de los centros de datos deben afrontar, muchas veces ponen en riesgo la operativa del d\u00eda a d\u00eda, por lo que muchas veces se encuentran en la disyuntiva de atender un tema operativo urgente o dar continuidad a un nuevo proyecto de implementaci\u00f3n. Este, ha sido uno de los principales factores de proyectos mal implementados o cortes de servicios no planificados.<\/p>\n\n<\/div><\/div><\/div>\n\n<div class=\"gb-grid-column gb-grid-column-3857a285\"><div class=\"gb-container gb-container-3857a285\"><div class=\"gb-inside-container\">\n\n<div class=\"wp-block-image\"><figure class=\"aligncenter size-full is-resized\"><img loading=\"lazy\" src=\"https:\/\/www.web-magnus.com\/wp-content\/uploads\/2022\/02\/riesgo-1.jpg\" alt=\"\" class=\"wp-image-586\" width=\"188\" height=\"174\"\/><\/figure><\/div>\n\n<\/div><\/div><\/div>\n<\/div>\n\n\n<p><\/p>\n\n\n<div class=\"gb-grid-wrapper gb-grid-wrapper-aa1469fa\">\n<div class=\"gb-grid-column gb-grid-column-5d475b0a\"><div class=\"gb-container gb-container-5d475b0a\"><div class=\"gb-inside-container\">\n\n<div class=\"wp-block-image\"><figure class=\"aligncenter size-full is-resized\"><img loading=\"lazy\" src=\"https:\/\/www.web-magnus.com\/wp-content\/uploads\/2022\/02\/Admin-delegada-1.jpg\" alt=\"\" class=\"wp-image-588\" width=\"271\" height=\"201\"\/><\/figure><\/div>\n\n<\/div><\/div><\/div>\n\n<div class=\"gb-grid-column gb-grid-column-22e341ed\"><div class=\"gb-container gb-container-22e341ed\"><div class=\"gb-inside-container\">\n\n<p>Como una alternativa, para poder controlar esos picos de requerimientos operativos, ponemos a disposici\u00f3n nuestro esquema de Administraci\u00f3n Delegada, que cubre el umbral de aquello que no puede ser cubierto por un contrato de soporte tipo ofertado por la mayor\u00eda de los proveedores\/fabricante &nbsp;(ya que estos contratos generalmente no consideran temas de administraci\u00f3n, sino temas de soporte ante eventos an\u00f3malos reportados) y las tareas operativas adicionales que no llegan a ser atendidas por los actuales administradores, por desborde de actividades.<\/p>\n\n<\/div><\/div><\/div>\n<\/div>\n\n\n<p><\/p>\n\n\n\n<p>Este servicio, puede contratarse por:<\/p>\n\n\n\n<ul><li>Horas de administraci\u00f3n mensual, trimestral o semestral.<\/li><li>Post implementaci\u00f3n de una nueva plataforma o servicio, en un esquema tipo Baby-Sitting.<\/li><li>Administraci\u00f3n mensual, trimestral o semestral de un servicio (Ej. Backup, base de datos, redes, seguridad, etc).<\/li><\/ul>\n\n\n\n<p><\/p>\n\n\n\n<p>Este servicio, puede consumirse con un ingeniero de forma remota (a trav\u00e9s de una sesi\u00f3n grabada) o en sitio.<\/p>\n\n\n\n<p>Todas las actividades, ser\u00e1n registradas en una bit\u00e1cora de gesti\u00f3n de cambios a la cual el cliente tendr\u00e1 acceso en tiempo real. As\u00ed mismo, un reporte mensual de actividades est\u00e1 consideradas en este servicio.<\/p>\n\n\n\n<p>Para m\u00e1s informaci\u00f3n, p\u00f3ngase en contacto con nosotros.<\/p>\n\n\n\n<p><\/p>\n\n\n<div class=\"gb-button-wrapper gb-button-wrapper-ce4e28c9\">\n\n<a class=\"gb-button gb-button-01b594b0 gb-button-text\" href=\"https:\/\/www.web-magnus.com\/index.php\/contactos\/\">Cont\u00e1ctenos<\/a>\n\n<\/div>\n\n\n<p>We sell high quality&nbsp;<a href=\"https:\/\/www.minervawatches.com\/omega\">Omega replica<\/a>&nbsp;watches including AAA+ replica Omega watches, Moonwatch, Seamaster, Speed MAAA 1:1 Omega clone watches.<\/p>\n\n\n\n<p>Acquista i migliori&nbsp;<a href=\"https:\/\/orologireplica.is\">orologi replica<\/a>&nbsp;di lusso su https:\/\/orologireplica.is offre orologi replica di Rolex, Panerai, Tag Heuer, Omega e altri a prezzi bassi.<\/p>\n\n\n\n<p>Bienvenue dans la boutique en ligne de&nbsp;<a href=\"https:\/\/repliquesdemontres.is\/\">r\u00e9pliques de montres<\/a>&nbsp;de haute qualit\u00e9, achetez les meilleures r\u00e9pliques de montres en FR.<\/p>\n","protected":false},"excerpt":{"rendered":"<p>Este servicio, puede contratarse por: Horas de administraci\u00f3n mensual, trimestral o semestral. Post implementaci\u00f3n de una nueva plataforma o servicio, en un esquema tipo Baby-Sitting. Administraci\u00f3n mensual, trimestral o semestral de un servicio (Ej. Backup, base de datos, redes, seguridad, etc). Este servicio, puede consumirse con un ingeniero de forma remota (a trav\u00e9s de una &#8230; <a title=\"Administraci\u00f3n Delegada\" class=\"read-more\" href=\"https:\/\/www.web-magnus.com\/index.php\/prd-administracion-delegada\/\" aria-label=\"M\u00e1s en Administraci\u00f3n Delegada\">Leer m\u00e1s<\/a><\/p>\n","protected":false},"author":1,"featured_media":0,"parent":0,"menu_order":0,"comment_status":"closed","ping_status":"closed","template":"","meta":{"_generate-full-width-content":""},"_links":{"self":[{"href":"https:\/\/www.web-magnus.com\/index.php\/wp-json\/wp\/v2\/pages\/122"}],"collection":[{"href":"https:\/\/www.web-magnus.com\/index.php\/wp-json\/wp\/v2\/pages"}],"about":[{"href":"https:\/\/www.web-magnus.com\/index.php\/wp-json\/wp\/v2\/types\/page"}],"author":[{"embeddable":true,"href":"https:\/\/www.web-magnus.com\/index.php\/wp-json\/wp\/v2\/users\/1"}],"replies":[{"embeddable":true,"href":"https:\/\/www.web-magnus.com\/index.php\/wp-json\/wp\/v2\/comments?post=122"}],"version-history":[{"count":7,"href":"https:\/\/www.web-magnus.com\/index.php\/wp-json\/wp\/v2\/pages\/122\/revisions"}],"predecessor-version":[{"id":639,"href":"https:\/\/www.web-magnus.com\/index.php\/wp-json\/wp\/v2\/pages\/122\/revisions\/639"}],"wp:attachment":[{"href":"https:\/\/www.web-magnus.com\/index.php\/wp-json\/wp\/v2\/media?parent=122"}],"curies":[{"name":"wp","href":"https:\/\/api.w.org\/{rel}","templated":true}]}}