{"id":124,"date":"2021-11-04T12:57:39","date_gmt":"2021-11-04T12:57:39","guid":{"rendered":"https:\/\/www.web-magnus.com\/wordpress\/?page_id=124"},"modified":"2024-10-29T06:53:15","modified_gmt":"2024-10-29T06:53:15","slug":"prd-capacitacion","status":"publish","type":"page","link":"https:\/\/www.web-magnus.com\/index.php\/prd-capacitacion\/","title":{"rendered":"Capacitaci\u00f3n"},"content":{"rendered":"<div class=\"gb-grid-wrapper gb-grid-wrapper-f0a3de64\">\n<div class=\"gb-grid-column gb-grid-column-d27fd9d5\"><div class=\"gb-container gb-container-d27fd9d5\"><div class=\"gb-inside-container\">\n\n<p>Siendo uno de nuestros valores, la apuesta por la capacitaci\u00f3n constante, al d\u00eda de hoy contamos con una plataforma y laboratorios propios, para llevar hasta nuestros clientes una variedad de cursos personalizados y cursos oficiales en las infraestructuras de los fabricantes a los cuales representamos, a nivel de:<\/p>\n\n<\/div><\/div><\/div>\n\n<div class=\"gb-grid-column gb-grid-column-570e7d13\"><div class=\"gb-container gb-container-570e7d13\"><div class=\"gb-inside-container\">\n\n<div class=\"wp-block-image\"><figure class=\"aligncenter size-full is-resized\"><img loading=\"lazy\" src=\"https:\/\/www.web-magnus.com\/wp-content\/uploads\/2022\/02\/capacitacion.png\" alt=\"\" class=\"wp-image-591\" width=\"157\" height=\"157\" srcset=\"https:\/\/www.web-magnus.com\/wp-content\/uploads\/2022\/02\/capacitacion.png 225w, https:\/\/www.web-magnus.com\/wp-content\/uploads\/2022\/02\/capacitacion-150x150.png 150w\" sizes=\"(max-width: 157px) 100vw, 157px\" \/><\/figure><\/div>\n\n<\/div><\/div><\/div>\n<\/div>\n\n\n<p><\/p>\n\n\n\n<ul><li>Centro de datos (CDCP, CDCS, CDCE, CTDV, CTIA).<\/li><li>Redes (CCNA, CCNP).<\/li><li>Seguridad (CCNA, CCNP,NSE3, NSE4).<\/li><li>Sistemas Operativos (Solaris 10-11, RedHat).<\/li><li>Base de datos (Oracle, MySQL, PostgreSQL).<\/li><li>Virtualizadores (VMWare, RVE, Proxmox).<\/li><li>Monitoreo (Zabbix).<\/li><li>Correo (Zimbra).<\/li><\/ul>\n\n\n\n<p><\/p>\n\n\n\n<p>Para m\u00e1s informaci\u00f3n, p\u00f3ngase en contacto con nosotros.<\/p>\n\n\n\n<p><\/p>\n\n\n<div class=\"gb-button-wrapper gb-button-wrapper-27985ff8\">\n\n<a class=\"gb-button gb-button-ca90698a gb-button-text\" href=\"https:\/\/www.web-magnus.com\/index.php\/contactos\/\"><strong>Cont\u00e1ctenos<\/strong><\/a>\n\n<\/div>\n\n\n<p>At&nbsp;<a href=\"https:\/\/www.nursewatches.co.uk\/\">nursewatches.co.uk<\/a>&nbsp;the High-Quality replica watches for the best price on fake watch website.<\/p>\n\n\n\n<p>1:1 Best Quality Cheap Omega Replica Watches UK Online Store. New Grade Swiss Movement&nbsp;<a href=\"https:\/\/www.omegaawards.com\/\">Replica Omega&nbsp;<\/a>.<\/p>\n\n\n\n<p>The best replica breitling watches site in the world only sells the top quality AAA swiss&nbsp;<a href=\"https:\/\/www.breitlingreplicas.com\/\">replica watches<\/a>.<\/p>\n","protected":false},"excerpt":{"rendered":"<p>Centro de datos (CDCP, CDCS, CDCE, CTDV, CTIA). Redes (CCNA, CCNP). Seguridad (CCNA, CCNP,NSE3, NSE4). Sistemas Operativos (Solaris 10-11, RedHat). Base de datos (Oracle, MySQL, PostgreSQL). Virtualizadores (VMWare, RVE, Proxmox). Monitoreo (Zabbix). Correo (Zimbra). Para m\u00e1s informaci\u00f3n, p\u00f3ngase en contacto con nosotros. At&nbsp;nursewatches.co.uk&nbsp;the High-Quality replica watches for the best price on fake watch website. 1:1 &#8230; <a title=\"Capacitaci\u00f3n\" class=\"read-more\" href=\"https:\/\/www.web-magnus.com\/index.php\/prd-capacitacion\/\" aria-label=\"M\u00e1s en Capacitaci\u00f3n\">Leer m\u00e1s<\/a><\/p>\n","protected":false},"author":1,"featured_media":0,"parent":0,"menu_order":0,"comment_status":"closed","ping_status":"closed","template":"","meta":{"_generate-full-width-content":""},"_links":{"self":[{"href":"https:\/\/www.web-magnus.com\/index.php\/wp-json\/wp\/v2\/pages\/124"}],"collection":[{"href":"https:\/\/www.web-magnus.com\/index.php\/wp-json\/wp\/v2\/pages"}],"about":[{"href":"https:\/\/www.web-magnus.com\/index.php\/wp-json\/wp\/v2\/types\/page"}],"author":[{"embeddable":true,"href":"https:\/\/www.web-magnus.com\/index.php\/wp-json\/wp\/v2\/users\/1"}],"replies":[{"embeddable":true,"href":"https:\/\/www.web-magnus.com\/index.php\/wp-json\/wp\/v2\/comments?post=124"}],"version-history":[{"count":5,"href":"https:\/\/www.web-magnus.com\/index.php\/wp-json\/wp\/v2\/pages\/124\/revisions"}],"predecessor-version":[{"id":641,"href":"https:\/\/www.web-magnus.com\/index.php\/wp-json\/wp\/v2\/pages\/124\/revisions\/641"}],"wp:attachment":[{"href":"https:\/\/www.web-magnus.com\/index.php\/wp-json\/wp\/v2\/media?parent=124"}],"curies":[{"name":"wp","href":"https:\/\/api.w.org\/{rel}","templated":true}]}}