{"id":14,"date":"2021-10-29T03:42:14","date_gmt":"2021-10-29T03:42:14","guid":{"rendered":"https:\/\/www.web-magnus.com\/wordpress\/?page_id=14"},"modified":"2022-03-16T23:31:44","modified_gmt":"2022-03-16T23:31:44","slug":"inicio","status":"publish","type":"page","link":"https:\/\/www.web-magnus.com\/","title":{"rendered":"Inicio"},"content":{"rendered":"<div class=\"gb-container gb-container-780e92de alignfull\"><div class=\"gb-inside-container\">\n<div class=\"gb-grid-wrapper gb-grid-wrapper-90cead83\">\n<div class=\"gb-grid-column gb-grid-column-6f11e8c5\"><div class=\"gb-container gb-container-6f11e8c5\"><div class=\"gb-inside-container\">\n\n<div class=\"wp-block-image\"><figure class=\"aligncenter size-full\"><img loading=\"lazy\" width=\"3400\" height=\"864\" src=\"https:\/\/www.web-magnus.com\/wordpress\/wp-content\/uploads\/2021\/11\/logo_transparent_background.png\" alt=\"\" class=\"wp-image-40\" srcset=\"https:\/\/www.web-magnus.com\/wp-content\/uploads\/2021\/11\/logo_transparent_background.png 3400w, https:\/\/www.web-magnus.com\/wp-content\/uploads\/2021\/11\/logo_transparent_background-300x76.png 300w, https:\/\/www.web-magnus.com\/wp-content\/uploads\/2021\/11\/logo_transparent_background-1024x260.png 1024w, https:\/\/www.web-magnus.com\/wp-content\/uploads\/2021\/11\/logo_transparent_background-768x195.png 768w, https:\/\/www.web-magnus.com\/wp-content\/uploads\/2021\/11\/logo_transparent_background-1536x390.png 1536w, https:\/\/www.web-magnus.com\/wp-content\/uploads\/2021\/11\/logo_transparent_background-2048x520.png 2048w\" sizes=\"(max-width: 3400px) 100vw, 3400px\" \/><\/figure><\/div>\n\n\n\n<p class=\"has-text-align-center\"><strong>Una empresa, con la visi\u00f3n de un mundo totalmente conectado, a trav\u00e9s de tecnolog\u00edas eco eficientes y \u00e1giles.<\/strong><\/p>\n\n\n<div class=\"gb-button-wrapper gb-button-wrapper-5b63519d\">\n\n<a class=\"gb-button gb-button-1b858980 gb-button-text\" href=\"https:\/\/www.web-magnus.com\/index.php\/qs-nuestra-historia\/\"><strong>QUIENES SOMOS<\/strong><\/a>\n\n<\/div>\n<\/div><\/div><\/div>\n<\/div>\n<\/div><\/div>\n\n<div class=\"gb-container gb-container-112ec17f alignfull\"><div class=\"gb-inside-container\">\n\n<h2 class=\"gb-headline gb-headline-5593c043 gb-headline-text\"><strong>PRODUCTOS<\/strong><\/h2>\n\n\n<div class=\"gb-grid-wrapper gb-grid-wrapper-ff096384\">\n<div class=\"gb-grid-column gb-grid-column-6a69142d\"><div class=\"gb-container gb-container-6a69142d\"><div class=\"gb-inside-container\">\n\n<h4 class=\"gb-headline gb-headline-36b625b8 gb-headline-text\"><strong>Hardware<\/strong><\/h4>\n\n\n\n<p class=\"has-text-align-center\">Las mejores tecnolog\u00edas del mercado a nivel de servidores&#8230; <\/p>\n\n\n<div class=\"gb-button-wrapper gb-button-wrapper-3a6571b5\">\n\n<a class=\"gb-button gb-button-87a7e323 gb-button-text\" href=\"https:\/\/www.web-magnus.com\/index.php\/prd-hardware\/\">M\u00c1S<\/a>\n\n<\/div>\n<\/div><\/div><\/div>\n\n<div class=\"gb-grid-column gb-grid-column-2d5093a8\"><div class=\"gb-container gb-container-2d5093a8\"><div class=\"gb-inside-container\">\n\n<h4 class=\"gb-headline gb-headline-53cfbe97 gb-headline-text\"><strong>Software<\/strong><\/h4>\n\n\n\n<p class=\"has-text-align-center\"> Con soluciones que cubren el frontend y backend a nivel de infraestructura&#8230; <\/p>\n\n\n<div class=\"gb-button-wrapper gb-button-wrapper-527e67f4\">\n\n<a class=\"gb-button gb-button-c6750f2d gb-button-text\" href=\"https:\/\/www.web-magnus.com\/index.php\/prd-software\/\">M\u00c1S<\/a>\n\n<\/div>\n<\/div><\/div><\/div>\n\n<div class=\"gb-grid-column gb-grid-column-bf0126f2\"><div class=\"gb-container gb-container-bf0126f2\"><div class=\"gb-inside-container\">\n\n<h4 class=\"gb-headline gb-headline-87177a21 gb-headline-text\"><strong>Especializados<\/strong><\/h4>\n\n\n\n<p class=\"has-text-align-center\"> Con una propuesta de productos tipo IaaS, SaaS, PaaS, VPS Cloud&#8230;<\/p>\n\n\n<div class=\"gb-button-wrapper gb-button-wrapper-f4915251\">\n\n<a class=\"gb-button gb-button-1863cea9 gb-button-text\" href=\"https:\/\/www.web-magnus.com\/index.php\/prd-especializados\/\">M\u00c1S<\/a>\n\n<\/div>\n<\/div><\/div><\/div>\n\n<div class=\"gb-grid-column gb-grid-column-ba1f975f\"><div class=\"gb-container gb-container-ba1f975f\"><div class=\"gb-inside-container\">\n\n<h4 class=\"gb-headline gb-headline-81c97634 gb-headline-text\"><strong>Adm. Delegada<\/strong><\/h4>\n\n\n\n<p class=\"has-text-align-center\"> Un modelo de producto que busca atender las necesidades, en las&#8230; <\/p>\n\n\n<div class=\"gb-button-wrapper gb-button-wrapper-680653f0\">\n\n<a class=\"gb-button gb-button-5b189025 gb-button-text\" href=\"https:\/\/www.web-magnus.com\/index.php\/prd-administracion-delegada\/\">M\u00c1S<\/a>\n\n<\/div>\n<\/div><\/div><\/div>\n\n<div class=\"gb-grid-column gb-grid-column-1bf4df45\"><div class=\"gb-container gb-container-1bf4df45\"><div class=\"gb-inside-container\">\n\n<h4 class=\"gb-headline gb-headline-009059df gb-headline-text\"><strong>Capacitaci\u00f3n<\/strong><\/h4>\n\n\n\n<p class=\"has-text-align-center\"> Programa de capacitaciones especializadas&#8230; <\/p>\n\n\n<div class=\"gb-button-wrapper gb-button-wrapper-bb4fce10\">\n\n<a class=\"gb-button gb-button-c5d11f04 gb-button-text\" href=\"https:\/\/www.web-magnus.com\/index.php\/prd-capacitacion\/\">M\u00c1S<\/a>\n\n<\/div>\n<\/div><\/div><\/div>\n<\/div>\n<\/div><\/div>\n\n<div class=\"gb-container gb-container-5d0cac87 alignfull\"><div class=\"gb-inside-container\">\n\n<h2 class=\"gb-headline gb-headline-e306bc33 gb-headline-text\"><strong>SERVICIOS<\/strong><\/h2>\n\n\n<div class=\"gb-grid-wrapper gb-grid-wrapper-6ba6f549\">\n<div class=\"gb-grid-column gb-grid-column-a23318fd\"><div class=\"gb-container gb-container-a23318fd\"><div class=\"gb-inside-container\">\n\n<h4 class=\"gb-headline gb-headline-e15da009 gb-headline-text\"><strong>Consultor\u00eda<\/strong><\/h4>\n\n\n\n<p class=\"has-text-align-center\">Dirigido a empresas con infraestructuras complejas y\/o empresas&#8230;<\/p>\n\n\n<div class=\"gb-button-wrapper gb-button-wrapper-8a1cf889\">\n\n<a class=\"gb-button gb-button-809ac12a gb-button-text\" href=\"https:\/\/www.web-magnus.com\/index.php\/consultoria\/\"><strong>M\u00c1S<\/strong><\/a>\n\n<\/div>\n<\/div><\/div><\/div>\n\n<div class=\"gb-grid-column gb-grid-column-780009c4\"><div class=\"gb-container gb-container-780009c4\"><div class=\"gb-inside-container\">\n\n<h4 class=\"gb-headline gb-headline-b38c1d55 gb-headline-text\"><strong>Dise\u00f1o<\/strong><\/h4>\n\n\n\n<p class=\"has-text-align-center\">A partir de interiorizarse en las necesidades del cliente, se plantean en&#8230;<\/p>\n\n\n<div class=\"gb-button-wrapper gb-button-wrapper-7b70278b\">\n\n<a class=\"gb-button gb-button-de089ea8 gb-button-text\" href=\"https:\/\/www.web-magnus.com\/index.php\/diseno\/\"><strong>M\u00c1S<\/strong><\/a>\n\n<\/div>\n<\/div><\/div><\/div>\n\n<div class=\"gb-grid-column gb-grid-column-37965cf8\"><div class=\"gb-container gb-container-37965cf8\"><div class=\"gb-inside-container\">\n\n<h4 class=\"gb-headline gb-headline-e7d4a443 gb-headline-text\"><strong>Instalaci\u00f3n<\/strong><\/h4>\n\n\n\n<p class=\"has-text-align-center\">Apoyadas en las gu\u00edas actuales de buenas gesti\u00f3n de proyectos como la PMBook&#8230;<\/p>\n\n\n<div class=\"gb-button-wrapper gb-button-wrapper-9e7c247d\">\n\n<a class=\"gb-button gb-button-5ac2ad0b gb-button-text\" href=\"https:\/\/www.web-magnus.com\/index.php\/instalacion\/\"><strong>M\u00c1S<\/strong><\/a>\n\n<\/div>\n<\/div><\/div><\/div>\n\n<div class=\"gb-grid-column gb-grid-column-e47c4102\"><div class=\"gb-container gb-container-e47c4102\"><div class=\"gb-inside-container\">\n\n<h4 class=\"gb-headline gb-headline-c3e4e545 gb-headline-text\"><strong>Soporte<\/strong><\/h4>\n\n\n\n<p class=\"has-text-align-center\">Apoyado en un equipo local de ingenier\u00eda, especializado en las tecnolog\u00edas&#8230;<\/p>\n\n\n<div class=\"gb-button-wrapper gb-button-wrapper-932802f9\">\n\n<a class=\"gb-button gb-button-5cf1e0d6 gb-button-text\" href=\"https:\/\/www.web-magnus.com\/index.php\/soporte\/\"><strong>M\u00c1S<\/strong><\/a>\n\n<\/div>\n<\/div><\/div><\/div>\n\n<div class=\"gb-grid-column gb-grid-column-fb661b34\"><div class=\"gb-container gb-container-fb661b34\"><div class=\"gb-inside-container\">\n\n<h4 class=\"gb-headline gb-headline-a9b17309 gb-headline-text\"><strong>Migraci\u00f3n<\/strong><\/h4>\n\n\n\n<p class=\"has-text-align-center\">Con una experiencia amplia en tecnolog\u00edas del centro de datos&#8230;<\/p>\n\n\n<div class=\"gb-button-wrapper gb-button-wrapper-874e27ae\">\n\n<a class=\"gb-button gb-button-7102601b gb-button-text\" href=\"https:\/\/www.web-magnus.com\/index.php\/migracion\/\"><strong>M\u00c1S<\/strong><\/a>\n\n<\/div>\n<\/div><\/div><\/div>\n<\/div>\n<\/div><\/div>\n\n<div class=\"gb-container gb-container-4901a231 alignfull\"><div class=\"gb-inside-container\">\n\n<h2 class=\"gb-headline gb-headline-da910030 gb-headline-text\"><strong>QUIENES SOMOS<\/strong><\/h2>\n\n\n<div class=\"gb-grid-wrapper gb-grid-wrapper-543895bf\">\n<div class=\"gb-grid-column gb-grid-column-5ebdd52b\"><div class=\"gb-container gb-container-5ebdd52b\"><div class=\"gb-inside-container\">\n\n<h4 class=\"gb-headline gb-headline-0738f0b9 gb-headline-text\"><strong>Nuestra historia<\/strong><\/h4>\n\n\n\n<p class=\"has-text-align-center\"> Una empresa que originalmente fue creada hace m\u00e1s de&#8230;  <\/p>\n\n\n<div class=\"gb-button-wrapper gb-button-wrapper-644a56fa\">\n\n<a class=\"gb-button gb-button-6fba911c gb-button-text\" href=\"https:\/\/www.web-magnus.com\/index.php\/qs-nuestra-historia\/\">M\u00c1S<\/a>\n\n<\/div>\n<\/div><\/div><\/div>\n\n<div class=\"gb-grid-column gb-grid-column-2969c0a1\"><div class=\"gb-container gb-container-2969c0a1\"><div class=\"gb-inside-container\">\n\n<h4 class=\"gb-headline gb-headline-bdbedb50 gb-headline-text\"><strong>Misi\u00f3n\/Visi\u00f3n\/Valores<\/strong><\/h4>\n\n\n\n<p class=\"has-text-align-center\"> Lograr que nuestros clientes, tengan la seguridad y tranquilidad de que&#8230;  <\/p>\n\n\n<div class=\"gb-button-wrapper gb-button-wrapper-8f267c1e\">\n\n<a class=\"gb-button gb-button-927fe2d3 gb-button-text\" href=\"https:\/\/www.web-magnus.com\/index.php\/qs-mision-vision-valores\/\">M\u00c1S<\/a>\n\n<\/div>\n<\/div><\/div><\/div>\n\n<div class=\"gb-grid-column gb-grid-column-ea8e4c52\"><div class=\"gb-container gb-container-ea8e4c52\"><div class=\"gb-inside-container\">\n\n<h4 class=\"gb-headline gb-headline-c0c9f8eb gb-headline-text\"><strong>Nuestros socios<\/strong><\/h4>\n\n\n\n<p class=\"has-text-align-center\"> De la mano de los fabricantes l\u00edderes del mercado, traemos&#8230;  <\/p>\n\n\n<div class=\"gb-button-wrapper gb-button-wrapper-d89fb15e\">\n\n<a class=\"gb-button gb-button-2152c648 gb-button-text\" href=\"https:\/\/www.web-magnus.com\/index.php\/qs-casos-de-exito\/\">M\u00c1S<\/a>\n\n<\/div>\n<\/div><\/div><\/div>\n<\/div>\n<\/div><\/div>\n\n<div class=\"gb-container gb-container-422efb6d alignfull\"><div class=\"gb-inside-container\">\n\n<h2 class=\"gb-headline gb-headline-13ddc0eb gb-headline-text\"><strong>CONTACTENOS<\/strong><\/h2>\n\n\n<div class=\"gb-grid-wrapper gb-grid-wrapper-11609cdc\">\n<div class=\"gb-grid-column gb-grid-column-0989e38f\"><div class=\"gb-container gb-container-0989e38f\"><div class=\"gb-inside-container\">\n\n<h4 class=\"gb-headline gb-headline-b5e2eabe gb-headline-text\"><strong>Correo electr\u00f3nico<\/strong><\/h4>\n\n\n\n<p class=\"has-text-align-center\"> comercial@web-magnus.com   <\/p>\n\n\n<div class=\"gb-button-wrapper gb-button-wrapper-23deb244\">\n\n<a class=\"gb-button gb-button-5566beaa gb-button-text\" href=\"https:\/\/www.web-magnus.com\/index.php\/contactos\/\">M\u00c1S<\/a>\n\n<\/div>\n<\/div><\/div><\/div>\n\n<div class=\"gb-grid-column gb-grid-column-04e3741b\"><div class=\"gb-container gb-container-04e3741b\"><div class=\"gb-inside-container\">\n\n<h4 class=\"gb-headline gb-headline-e31af3ab gb-headline-text\"><strong>RRSS<\/strong><\/h4>\n\n\n\n<p class=\"has-text-align-center\"> F L T  <\/p>\n\n\n<div class=\"gb-button-wrapper gb-button-wrapper-27e0b131\">\n\n<a class=\"gb-button gb-button-1a7940e6 gb-button-text\" href=\"https:\/\/www.web-magnus.com\/index.php\/contactos\/\">M\u00c1S<\/a>\n\n<\/div>\n<\/div><\/div><\/div>\n\n<div class=\"gb-grid-column gb-grid-column-6e0e77dc\"><div class=\"gb-container gb-container-6e0e77dc\"><div class=\"gb-inside-container\">\n\n<h4 class=\"gb-headline gb-headline-83654292 gb-headline-text\"><strong>Tel\u00e9fono<\/strong><\/h4>\n\n\n\n<p class=\"has-text-align-center\"> +591 2 2152202  <\/p>\n\n\n<div class=\"gb-button-wrapper gb-button-wrapper-49e6e657\">\n\n<a class=\"gb-button gb-button-02dbe23f gb-button-text\" href=\"https:\/\/www.web-magnus.com\/index.php\/contactos\/\">M\u00c1S<\/a>\n\n<\/div>\n<\/div><\/div><\/div>\n\n<div class=\"gb-grid-column gb-grid-column-09ec19da\"><div class=\"gb-container gb-container-09ec19da\"><div class=\"gb-inside-container\">\n\n<h4 class=\"gb-headline gb-headline-d72e9d17 gb-headline-text\"><strong>Direcci\u00f3n<\/strong><\/h4>\n\n\n\n<p class=\"has-text-align-center\"> Oficina central  <\/p>\n\n\n<div class=\"gb-button-wrapper gb-button-wrapper-a39c235b\">\n\n<a class=\"gb-button gb-button-1de8998e gb-button-text\" href=\"https:\/\/www.web-magnus.com\/index.php\/contactos\/\">M\u00c1S<\/a>\n\n<\/div>\n<\/div><\/div><\/div>\n<\/div>\n<\/div><\/div>\n\n<div class=\"gb-container gb-container-33f5e31b alignfull\"><div class=\"gb-inside-container\">\n\n<p class=\"has-text-align-center\"><strong>Direcci\u00f3n: Zona Playa Verde, Bajo Sopocachi Calle \u201cK\u201d Nro. 77<br>Tel\u00e9fono: +591 2 2152202 Contacto: comercial@web-magnus.com<br>www.web-magnus.com<br>\u00a9 WEBMAGNUS TECHNOLOGY S.R.L. &#8211; 2022<\/strong><\/p>\n\n<\/div><\/div>\n\n\n<p><\/p>\n","protected":false},"excerpt":{"rendered":"<p>Direcci\u00f3n: Zona Playa Verde, Bajo Sopocachi Calle \u201cK\u201d Nro. 77Tel\u00e9fono: +591 2 2152202 Contacto: comercial@web-magnus.comwww.web-magnus.com\u00a9 WEBMAGNUS TECHNOLOGY S.R.L. &#8211; 2022<\/p>\n","protected":false},"author":1,"featured_media":0,"parent":0,"menu_order":0,"comment_status":"closed","ping_status":"closed","template":"","meta":{"_generate-full-width-content":""},"_links":{"self":[{"href":"https:\/\/www.web-magnus.com\/index.php\/wp-json\/wp\/v2\/pages\/14"}],"collection":[{"href":"https:\/\/www.web-magnus.com\/index.php\/wp-json\/wp\/v2\/pages"}],"about":[{"href":"https:\/\/www.web-magnus.com\/index.php\/wp-json\/wp\/v2\/types\/page"}],"author":[{"embeddable":true,"href":"https:\/\/www.web-magnus.com\/index.php\/wp-json\/wp\/v2\/users\/1"}],"replies":[{"embeddable":true,"href":"https:\/\/www.web-magnus.com\/index.php\/wp-json\/wp\/v2\/comments?post=14"}],"version-history":[{"count":46,"href":"https:\/\/www.web-magnus.com\/index.php\/wp-json\/wp\/v2\/pages\/14\/revisions"}],"predecessor-version":[{"id":618,"href":"https:\/\/www.web-magnus.com\/index.php\/wp-json\/wp\/v2\/pages\/14\/revisions\/618"}],"wp:attachment":[{"href":"https:\/\/www.web-magnus.com\/index.php\/wp-json\/wp\/v2\/media?parent=14"}],"curies":[{"name":"wp","href":"https:\/\/api.w.org\/{rel}","templated":true}]}}