{"id":22,"date":"2021-10-29T03:48:04","date_gmt":"2021-10-29T03:48:04","guid":{"rendered":"https:\/\/www.web-magnus.com\/wordpress\/?page_id=22"},"modified":"2022-02-22T12:28:13","modified_gmt":"2022-02-22T12:28:13","slug":"contactos","status":"publish","type":"page","link":"https:\/\/www.web-magnus.com\/index.php\/contactos\/","title":{"rendered":"Contactos"},"content":{"rendered":"\n<p><strong><em>Tel\u00e9fono:<\/em><\/strong><\/p>\n\n\n\n<p class=\"has-text-align-left\">+591 2 2152202<\/p>\n\n\n\n<p><strong><em>Correo electr\u00f3nico:<\/em><\/strong><\/p>\n\n\n\n<p>comercial@web-magnus.com<\/p>\n\n\n\n<p><em><strong>Nuestra direcci\u00f3n<\/strong><\/em>:<\/p>\n\n\n\n<p>EN LA PAZ:<\/p>\n\n\n\n<p>Zona Playa Verde Bajo Sopocachi, Calle &#8220;K&#8221; Nro. 77<\/p>\n","protected":false},"excerpt":{"rendered":"<p>Tel\u00e9fono: +591 2 2152202 Correo electr\u00f3nico: comercial@web-magnus.com Nuestra direcci\u00f3n: EN LA PAZ: Zona Playa Verde Bajo Sopocachi, Calle &#8220;K&#8221; Nro. 77<\/p>\n","protected":false},"author":1,"featured_media":0,"parent":0,"menu_order":0,"comment_status":"closed","ping_status":"closed","template":"","meta":{"_generate-full-width-content":""},"_links":{"self":[{"href":"https:\/\/www.web-magnus.com\/index.php\/wp-json\/wp\/v2\/pages\/22"}],"collection":[{"href":"https:\/\/www.web-magnus.com\/index.php\/wp-json\/wp\/v2\/pages"}],"about":[{"href":"https:\/\/www.web-magnus.com\/index.php\/wp-json\/wp\/v2\/types\/page"}],"author":[{"embeddable":true,"href":"https:\/\/www.web-magnus.com\/index.php\/wp-json\/wp\/v2\/users\/1"}],"replies":[{"embeddable":true,"href":"https:\/\/www.web-magnus.com\/index.php\/wp-json\/wp\/v2\/comments?post=22"}],"version-history":[{"count":5,"href":"https:\/\/www.web-magnus.com\/index.php\/wp-json\/wp\/v2\/pages\/22\/revisions"}],"predecessor-version":[{"id":550,"href":"https:\/\/www.web-magnus.com\/index.php\/wp-json\/wp\/v2\/pages\/22\/revisions\/550"}],"wp:attachment":[{"href":"https:\/\/www.web-magnus.com\/index.php\/wp-json\/wp\/v2\/media?parent=22"}],"curies":[{"name":"wp","href":"https:\/\/api.w.org\/{rel}","templated":true}]}}