{"id":95,"date":"2021-11-04T12:37:31","date_gmt":"2021-11-04T12:37:31","guid":{"rendered":"https:\/\/www.web-magnus.com\/wordpress\/?page_id=95"},"modified":"2022-03-16T23:37:04","modified_gmt":"2022-03-16T23:37:04","slug":"consultoria","status":"publish","type":"page","link":"https:\/\/www.web-magnus.com\/index.php\/consultoria\/","title":{"rendered":"Consultor\u00eda"},"content":{"rendered":"\n<p>Con el fin atender requerimientos puntuales de todos los elementos al interno de un centro de datos, ponemos a disposici\u00f3n de nuestros clientes los siguientes servicios:<\/p>\n\n\n\n<ul><li>Auditoria de certificaci\u00f3n del CPD con el est\u00e1ndar TIA-942.<\/li><li>Servicio de grado de madurez y ruta de certificaci\u00f3n al est\u00e1ndar TIA-942.<\/li><li>Evaluaci\u00f3n de la arquitectura actual de la red.<\/li><li>Evaluaci\u00f3n del grado de madurez de la seguridad perimetral.<\/li><li>Evaluaci\u00f3n del grado de tolerancia a fallas de la infraestructura de c\u00f3mputo y almacenamiento.<\/li><\/ul>\n\n\n\n<p>Para m\u00e1s informaci\u00f3n, p\u00f3ngase en contacto con nosotros.<\/p>\n\n\n\n<p><\/p>\n\n\n<div class=\"gb-button-wrapper gb-button-wrapper-030f7561\">\n\n<a class=\"gb-button gb-button-ecb4762b gb-button-text\" href=\"https:\/\/www.web-magnus.com\/index.php\/contactos\/\"><strong>Cont\u00e1ctenos<\/strong><\/a>\n\n<\/div>\n\n\n<p><\/p>\n","protected":false},"excerpt":{"rendered":"<p>Con el fin atender requerimientos puntuales de todos los elementos al interno de un centro de datos, ponemos a disposici\u00f3n de nuestros clientes los siguientes servicios: Auditoria de certificaci\u00f3n del CPD con el est\u00e1ndar TIA-942. Servicio de grado de madurez y ruta de certificaci\u00f3n al est\u00e1ndar TIA-942. Evaluaci\u00f3n de la arquitectura actual de la red. &#8230; <a title=\"Consultor\u00eda\" class=\"read-more\" href=\"https:\/\/www.web-magnus.com\/index.php\/consultoria\/\" aria-label=\"M\u00e1s en Consultor\u00eda\">Leer m\u00e1s<\/a><\/p>\n","protected":false},"author":1,"featured_media":0,"parent":0,"menu_order":0,"comment_status":"closed","ping_status":"closed","template":"","meta":{"_generate-full-width-content":""},"_links":{"self":[{"href":"https:\/\/www.web-magnus.com\/index.php\/wp-json\/wp\/v2\/pages\/95"}],"collection":[{"href":"https:\/\/www.web-magnus.com\/index.php\/wp-json\/wp\/v2\/pages"}],"about":[{"href":"https:\/\/www.web-magnus.com\/index.php\/wp-json\/wp\/v2\/types\/page"}],"author":[{"embeddable":true,"href":"https:\/\/www.web-magnus.com\/index.php\/wp-json\/wp\/v2\/users\/1"}],"replies":[{"embeddable":true,"href":"https:\/\/www.web-magnus.com\/index.php\/wp-json\/wp\/v2\/comments?post=95"}],"version-history":[{"count":4,"href":"https:\/\/www.web-magnus.com\/index.php\/wp-json\/wp\/v2\/pages\/95\/revisions"}],"predecessor-version":[{"id":623,"href":"https:\/\/www.web-magnus.com\/index.php\/wp-json\/wp\/v2\/pages\/95\/revisions\/623"}],"wp:attachment":[{"href":"https:\/\/www.web-magnus.com\/index.php\/wp-json\/wp\/v2\/media?parent=95"}],"curies":[{"name":"wp","href":"https:\/\/api.w.org\/{rel}","templated":true}]}}