{"id":97,"date":"2021-11-04T12:38:04","date_gmt":"2021-11-04T12:38:04","guid":{"rendered":"https:\/\/www.web-magnus.com\/wordpress\/?page_id=97"},"modified":"2022-03-16T23:37:50","modified_gmt":"2022-03-16T23:37:50","slug":"diseno","status":"publish","type":"page","link":"https:\/\/www.web-magnus.com\/index.php\/diseno\/","title":{"rendered":"Dise\u00f1o"},"content":{"rendered":"<div class=\"gb-grid-wrapper gb-grid-wrapper-9b0e47c7\">\n<div class=\"gb-grid-column gb-grid-column-b66dcffc\"><div class=\"gb-container gb-container-b66dcffc\"><div class=\"gb-inside-container\">\n\n<p>Muchas veces, los clientes requieren trabajar en un dise\u00f1o previo a iniciar un proceso de compra, que le permita tener un cierto grado de certidumbre de la complejidad y tama\u00f1o del proyecto que debe afrontar. <\/p>\n\n\n\n<p>Es as\u00ed, que ponemos a disposici\u00f3n del cliente este servicio de dise\u00f1o y\/o dimensionamiento, que muchas veces es el complemente del servicio de consultor\u00eda, ya que la consultor\u00eda nos aterriza en la realidad en la que estamos y el dise\u00f1o nos muestra a donde queremos llegar.<\/p>\n\n<\/div><\/div><\/div>\n\n<div class=\"gb-grid-column gb-grid-column-43545bd8\"><div class=\"gb-container gb-container-43545bd8\"><div class=\"gb-inside-container\">\n\n<div class=\"wp-block-image\"><figure class=\"aligncenter size-full is-resized\"><img loading=\"lazy\" src=\"https:\/\/www.web-magnus.com\/wp-content\/uploads\/2022\/02\/Diseno-1.png\" alt=\"\" class=\"wp-image-593\" width=\"245\" height=\"245\" srcset=\"https:\/\/www.web-magnus.com\/wp-content\/uploads\/2022\/02\/Diseno-1.png 225w, https:\/\/www.web-magnus.com\/wp-content\/uploads\/2022\/02\/Diseno-1-150x150.png 150w\" sizes=\"(max-width: 245px) 100vw, 245px\" \/><\/figure><\/div>\n\n<\/div><\/div><\/div>\n<\/div>\n\n\n<p><\/p>\n\n\n<div class=\"gb-grid-wrapper gb-grid-wrapper-fee4494b\">\n<div class=\"gb-grid-column gb-grid-column-b77a93e4\"><div class=\"gb-container gb-container-b77a93e4\"><div class=\"gb-inside-container\">\n\n<div class=\"wp-block-image\"><figure class=\"aligncenter size-full is-resized\"><img loading=\"lazy\" src=\"https:\/\/www.web-magnus.com\/wp-content\/uploads\/2022\/02\/Tiempo-1.png\" alt=\"\" class=\"wp-image-594\" width=\"260\" height=\"260\" srcset=\"https:\/\/www.web-magnus.com\/wp-content\/uploads\/2022\/02\/Tiempo-1.png 225w, https:\/\/www.web-magnus.com\/wp-content\/uploads\/2022\/02\/Tiempo-1-150x150.png 150w\" sizes=\"(max-width: 260px) 100vw, 260px\" \/><\/figure><\/div>\n\n<\/div><\/div><\/div>\n\n<div class=\"gb-grid-column gb-grid-column-e26a7168\"><div class=\"gb-container gb-container-e26a7168\"><div class=\"gb-inside-container\">\n\n<p>Los entregables de este servicio son el insumo necesario que justifica la adopci\u00f3n y\/o compra de una nueva soluci\u00f3n o equipamiento. Es en este servicio, donde se estima los tiempos y costos del proyecto, as\u00ed como las restricciones del mismo, dise\u00f1ando incluso fases o etapas que hagan viable el proyecto final.<\/p>\n\n<\/div><\/div><\/div>\n<\/div>\n\n\n<p><\/p>\n\n\n\n<p>Al d\u00eda de hoy, se tienen disponibilidad de los siguientes productos:<\/p>\n\n\n\n<ul><li>Energ\u00eda de media y baja tensi\u00f3n.<\/li><li>Equipos de continuidad de energ\u00eda (UPS).<\/li><li>Infraestructura de c\u00f3mputo.<\/li><li>Almacenamiento.<\/li><li>Redes.<\/li><li>Seguridad.<\/li><li>Respaldo (Backup).<\/li><li>Virtualizadores.<\/li><li>Base de Datos.<\/li><li>Monitoreo.<\/li><\/ul>\n\n\n\n<p>Para atender requerimientos que salen de las competencias mencionadas y aquellas que no, p\u00f3nganse en contacto con nosotros.<\/p>\n\n\n\n<p><\/p>\n\n\n<div class=\"gb-button-wrapper gb-button-wrapper-1ab13cde\">\n\n<a class=\"gb-button gb-button-0ba91319 gb-button-text\" href=\"https:\/\/www.web-magnus.com\/index.php\/contactos\/\"><strong>Cont\u00e1ctenos<\/strong><\/a>\n\n<\/div>","protected":false},"excerpt":{"rendered":"<p>Al d\u00eda de hoy, se tienen disponibilidad de los siguientes productos: Energ\u00eda de media y baja tensi\u00f3n. Equipos de continuidad de energ\u00eda (UPS). Infraestructura de c\u00f3mputo. Almacenamiento. Redes. Seguridad. Respaldo (Backup). Virtualizadores. Base de Datos. Monitoreo. Para atender requerimientos que salen de las competencias mencionadas y aquellas que no, p\u00f3nganse en contacto con nosotros.<\/p>\n","protected":false},"author":1,"featured_media":0,"parent":0,"menu_order":0,"comment_status":"closed","ping_status":"closed","template":"","meta":{"_generate-full-width-content":""},"_links":{"self":[{"href":"https:\/\/www.web-magnus.com\/index.php\/wp-json\/wp\/v2\/pages\/97"}],"collection":[{"href":"https:\/\/www.web-magnus.com\/index.php\/wp-json\/wp\/v2\/pages"}],"about":[{"href":"https:\/\/www.web-magnus.com\/index.php\/wp-json\/wp\/v2\/types\/page"}],"author":[{"embeddable":true,"href":"https:\/\/www.web-magnus.com\/index.php\/wp-json\/wp\/v2\/users\/1"}],"replies":[{"embeddable":true,"href":"https:\/\/www.web-magnus.com\/index.php\/wp-json\/wp\/v2\/comments?post=97"}],"version-history":[{"count":6,"href":"https:\/\/www.web-magnus.com\/index.php\/wp-json\/wp\/v2\/pages\/97\/revisions"}],"predecessor-version":[{"id":624,"href":"https:\/\/www.web-magnus.com\/index.php\/wp-json\/wp\/v2\/pages\/97\/revisions\/624"}],"wp:attachment":[{"href":"https:\/\/www.web-magnus.com\/index.php\/wp-json\/wp\/v2\/media?parent=97"}],"curies":[{"name":"wp","href":"https:\/\/api.w.org\/{rel}","templated":true}]}}